{"id":3523,"date":"2025-07-31T15:28:53","date_gmt":"2025-07-31T20:28:53","guid":{"rendered":"https:\/\/herramientaspedagogicas.jep.gov.co\/archivos-vivos\/?page_id=3523"},"modified":"2026-03-25T17:29:25","modified_gmt":"2026-03-25T22:29:25","slug":"guia-de-uso","status":"publish","type":"page","link":"https:\/\/herramientaspedagogicas.jep.gov.co\/archivos-vivos\/guia-de-uso\/","title":{"rendered":"Gu\u00eda de uso de Archivos Vivos"},"content":{"rendered":"<div class=\"wp-block-image\">\n<figure class=\"alignright size-full is-resized\"><a href=\"https:\/\/herramientaspedagogicas.jep.gov.co\/archivos-vivos\/wp-content\/uploads\/2025\/07\/protocolo_pedagogico_archivos_vivos.pdf\" target=\"_blank\" rel=\" noreferrer noopener\"><img loading=\"lazy\" decoding=\"async\" width=\"780\" height=\"976\" src=\"https:\/\/herramientaspedagogicas.jep.gov.co\/archivos-vivos\/wp-content\/uploads\/2025\/07\/portada-guia-de-uso.jpg\" alt=\"Portada gu\u00eda de uso\" class=\"wp-image-3528\" style=\"width:300px\" srcset=\"https:\/\/herramientaspedagogicas.jep.gov.co\/archivos-vivos\/wp-content\/uploads\/2025\/07\/portada-guia-de-uso.jpg 780w, https:\/\/herramientaspedagogicas.jep.gov.co\/archivos-vivos\/wp-content\/uploads\/2025\/07\/portada-guia-de-uso-240x300.jpg 240w, https:\/\/herramientaspedagogicas.jep.gov.co\/archivos-vivos\/wp-content\/uploads\/2025\/07\/portada-guia-de-uso-768x961.jpg 768w\" sizes=\"auto, (max-width: 780px) 100vw, 780px\" \/><\/a><\/figure><\/div>\n\n\n<p>La herramienta Archivos Vivos est\u00e1 acompa\u00f1ada de esta Gu\u00eda pedag\u00f3gica de uso, que ofrece actividades sugeridas y orientaciones para su implementaci\u00f3n en escenarios educativos.<\/p>\n\n\n\n<p>Te invitamos a consultar esta gu\u00eda, que puede utilizarse, adaptarse o integrarse en cursos, seminarios y espacios acad\u00e9micos, seg\u00fan los intereses y necesidades de cada grupo de trabajo.<\/p>\n\n\n\n<h2 class=\"wp-block-heading\">\u00bfQu\u00e9 buscamos?<\/h2>\n\n\n\n<p>Como herramienta pedag\u00f3gica, Archivos Vivos busca promover procesos de an\u00e1lisis y reflexi\u00f3n sobre la justicia transicional en Colombia, fomentando el pensamiento cr\u00edtico desde una postura activa e informada.&nbsp;<\/p>\n\n\n\n<p>Esta gu\u00eda orienta las posibilidades pedag\u00f3gicas de la herramienta&nbsp;mediante un conjunto de actividades que permitan explorar y analizar:<\/p>\n\n\n\n<ul class=\"wp-block-list\">\n<li>Audiencias p\u00fablicas<\/li>\n\n\n\n<li>Decisiones judiciales<\/li>\n\n\n\n<li>Bibliograf\u00eda sobre\u00a0justicia transicional y restaurativa<\/li>\n<\/ul>\n\n\n\n<p>Todo un material relacionado con los casos en los que la Jurisdicci\u00f3n Especial para la Paz (JEP) investiga, juzga y sanciona a los m\u00e1ximos responsables de los hechos m\u00e1s graves del conflicto armado colombiano.&nbsp;<\/p>\n\n\n\n<p><strong>A trav\u00e9s de estas actividades, la gu\u00eda busca favorecer procesos de comprensi\u00f3n cr\u00edtica sobre la justicia transicional y su papel en la construcci\u00f3n de paz.\u00a0<\/strong><\/p>\n\n\n\n<h2 class=\"wp-block-heading\">Esta gu\u00eda est\u00e1 dirigida a:\u00a0<\/h2>\n\n\n\n<ul class=\"wp-block-list\">\n<li>Estudiantes\u00a0<\/li>\n<\/ul>\n\n\n\n<ul class=\"wp-block-list\">\n<li>Docentes\u00a0<\/li>\n<\/ul>\n\n\n\n<ul class=\"wp-block-list\">\n<li>Investigadores\u00a0<\/li>\n<\/ul>\n\n\n\n<ul class=\"wp-block-list\">\n<li>Grupos acad\u00e9micos\u00a0<\/li>\n<\/ul>\n\n\n\n<ul class=\"wp-block-list\">\n<li>Colectivos interesados en procesos de formaci\u00f3n\u00a0<\/li>\n<\/ul>\n\n\n\n<div class=\"wp-block-buttons is-layout-flex wp-block-buttons-is-layout-flex\">\n<div class=\"wp-block-button\"><a class=\"wp-block-button__link has-background wp-element-button\" href=\"https:\/\/herramientaspedagogicas.jep.gov.co\/archivos-vivos\/wp-content\/uploads\/2025\/07\/protocolo_pedagogico_archivos_vivos.pdf\" style=\"background-color:#874d98\" target=\"_blank\" rel=\"noreferrer noopener\">Descarga la gu\u00eda aqu\u00ed<\/a><\/div>\n<\/div>\n","protected":false},"excerpt":{"rendered":"<p>La herramienta Archivos Vivos est\u00e1 acompa\u00f1ada de esta Gu\u00eda pedag\u00f3gica de uso, que ofrece actividades sugeridas y orientaciones para su implementaci\u00f3n en escenarios educativos. Te invitamos a consultar esta gu\u00eda, que puede utilizarse, adaptarse o integrarse en cursos, seminarios y espacios acad\u00e9micos, seg\u00fan los intereses y necesidades de cada grupo de trabajo. \u00bfQu\u00e9 buscamos? Como [&hellip;]<\/p>\n","protected":false},"author":8,"featured_media":0,"parent":0,"menu_order":0,"comment_status":"closed","ping_status":"closed","template":"","meta":{"_acf_changed":false,"_uag_custom_page_level_css":"","_monsterinsights_skip_tracking":false,"_monsterinsights_sitenote_active":false,"_monsterinsights_sitenote_note":"","_monsterinsights_sitenote_category":0,"footnotes":""},"class_list":["post-3523","page","type-page","status-publish","hentry"],"acf":[],"yoast_head":"<!-- This site is optimized with the Yoast SEO plugin v26.4 - https:\/\/yoast.com\/wordpress\/plugins\/seo\/ -->\n<title>Gu\u00eda de uso de Archivos Vivos - Archivos Vivos de la JEP<\/title>\n<meta name=\"description\" content=\"La herramienta Archivos Vivos est\u00e1 acompa\u00f1ada de esta Gu\u00eda pedag\u00f3gica de uso, que ofrece actividades sugeridas y orientaciones para su implementaci\u00f3n en escenarios educativos.\" \/>\n<meta name=\"robots\" content=\"index, follow, max-snippet:-1, max-image-preview:large, max-video-preview:-1\" \/>\n<link rel=\"canonical\" href=\"https:\/\/herramientaspedagogicas.jep.gov.co\/archivos-vivos\/guia-de-uso\/\" \/>\n<meta property=\"og:locale\" content=\"es_ES\" \/>\n<meta property=\"og:type\" content=\"article\" \/>\n<meta property=\"og:title\" content=\"Gu\u00eda de uso de Archivos Vivos - Archivos Vivos de la JEP\" \/>\n<meta property=\"og:description\" content=\"La herramienta Archivos Vivos est\u00e1 acompa\u00f1ada de esta Gu\u00eda pedag\u00f3gica de uso, que ofrece actividades sugeridas y orientaciones para su implementaci\u00f3n en escenarios educativos.\" \/>\n<meta property=\"og:url\" content=\"https:\/\/herramientaspedagogicas.jep.gov.co\/archivos-vivos\/guia-de-uso\/\" \/>\n<meta property=\"og:site_name\" content=\"Archivos Vivos de la JEP\" \/>\n<meta property=\"article:modified_time\" content=\"2026-03-25T22:29:25+00:00\" \/>\n<meta property=\"og:image\" content=\"https:\/\/herramientaspedagogicas.jep.gov.co\/archivos-vivos\/wp-content\/uploads\/2025\/07\/portada-guia-de-uso.jpg\" \/>\n\t<meta property=\"og:image:width\" content=\"780\" \/>\n\t<meta property=\"og:image:height\" content=\"976\" \/>\n\t<meta property=\"og:image:type\" content=\"image\/jpeg\" \/>\n<meta name=\"twitter:card\" content=\"summary_large_image\" \/>\n<meta name=\"twitter:label1\" content=\"Est. reading time\" \/>\n\t<meta name=\"twitter:data1\" content=\"2 minutos\" \/>\n<script type=\"application\/ld+json\" class=\"yoast-schema-graph\">{\"@context\":\"https:\/\/schema.org\",\"@graph\":[{\"@type\":\"WebPage\",\"@id\":\"https:\/\/herramientaspedagogicas.jep.gov.co\/archivos-vivos\/guia-de-uso\/\",\"url\":\"https:\/\/herramientaspedagogicas.jep.gov.co\/archivos-vivos\/guia-de-uso\/\",\"name\":\"Gu\u00eda de uso de Archivos Vivos - Archivos Vivos de la JEP\",\"isPartOf\":{\"@id\":\"https:\/\/herramientaspedagogicas.jep.gov.co\/archivos-vivos\/#website\"},\"primaryImageOfPage\":{\"@id\":\"https:\/\/herramientaspedagogicas.jep.gov.co\/archivos-vivos\/guia-de-uso\/#primaryimage\"},\"image\":{\"@id\":\"https:\/\/herramientaspedagogicas.jep.gov.co\/archivos-vivos\/guia-de-uso\/#primaryimage\"},\"thumbnailUrl\":\"https:\/\/herramientaspedagogicas.jep.gov.co\/archivos-vivos\/wp-content\/uploads\/2025\/07\/portada-guia-de-uso.jpg\",\"datePublished\":\"2025-07-31T20:28:53+00:00\",\"dateModified\":\"2026-03-25T22:29:25+00:00\",\"description\":\"La herramienta Archivos Vivos est\u00e1 acompa\u00f1ada de esta Gu\u00eda pedag\u00f3gica de uso, que ofrece actividades sugeridas y orientaciones para su implementaci\u00f3n en escenarios educativos.\",\"breadcrumb\":{\"@id\":\"https:\/\/herramientaspedagogicas.jep.gov.co\/archivos-vivos\/guia-de-uso\/#breadcrumb\"},\"inLanguage\":\"es\",\"potentialAction\":[{\"@type\":\"ReadAction\",\"target\":[\"https:\/\/herramientaspedagogicas.jep.gov.co\/archivos-vivos\/guia-de-uso\/\"]}]},{\"@type\":\"ImageObject\",\"inLanguage\":\"es\",\"@id\":\"https:\/\/herramientaspedagogicas.jep.gov.co\/archivos-vivos\/guia-de-uso\/#primaryimage\",\"url\":\"https:\/\/herramientaspedagogicas.jep.gov.co\/archivos-vivos\/wp-content\/uploads\/2025\/07\/portada-guia-de-uso.jpg\",\"contentUrl\":\"https:\/\/herramientaspedagogicas.jep.gov.co\/archivos-vivos\/wp-content\/uploads\/2025\/07\/portada-guia-de-uso.jpg\",\"width\":780,\"height\":976,\"caption\":\"Portada gu\u00eda de uso\"},{\"@type\":\"BreadcrumbList\",\"@id\":\"https:\/\/herramientaspedagogicas.jep.gov.co\/archivos-vivos\/guia-de-uso\/#breadcrumb\",\"itemListElement\":[{\"@type\":\"ListItem\",\"position\":1,\"name\":\"Home\",\"item\":\"https:\/\/herramientaspedagogicas.jep.gov.co\/archivos-vivos\/\"},{\"@type\":\"ListItem\",\"position\":2,\"name\":\"Gu\u00eda de uso de Archivos Vivos\"}]},{\"@type\":\"WebSite\",\"@id\":\"https:\/\/herramientaspedagogicas.jep.gov.co\/archivos-vivos\/#website\",\"url\":\"https:\/\/herramientaspedagogicas.jep.gov.co\/archivos-vivos\/\",\"name\":\"Archivos Vivos de la JEP\",\"description\":\"Una cartograf\u00eda de la justicia transicional\",\"publisher\":{\"@id\":\"https:\/\/herramientaspedagogicas.jep.gov.co\/archivos-vivos\/#organization\"},\"potentialAction\":[{\"@type\":\"SearchAction\",\"target\":{\"@type\":\"EntryPoint\",\"urlTemplate\":\"https:\/\/herramientaspedagogicas.jep.gov.co\/archivos-vivos\/?s={search_term_string}\"},\"query-input\":{\"@type\":\"PropertyValueSpecification\",\"valueRequired\":true,\"valueName\":\"search_term_string\"}}],\"inLanguage\":\"es\"},{\"@type\":\"Organization\",\"@id\":\"https:\/\/herramientaspedagogicas.jep.gov.co\/archivos-vivos\/#organization\",\"name\":\"Archivos Vivos de la JEP\",\"url\":\"https:\/\/herramientaspedagogicas.jep.gov.co\/archivos-vivos\/\",\"logo\":{\"@type\":\"ImageObject\",\"inLanguage\":\"es\",\"@id\":\"https:\/\/herramientaspedagogicas.jep.gov.co\/archivos-vivos\/#\/schema\/logo\/image\/\",\"url\":\"https:\/\/herramientaspedagogicas.jep.gov.co\/archivos-vivos\/wp-content\/uploads\/2024\/10\/logojephorizontal2.webp\",\"contentUrl\":\"https:\/\/herramientaspedagogicas.jep.gov.co\/archivos-vivos\/wp-content\/uploads\/2024\/10\/logojephorizontal2.webp\",\"width\":400,\"height\":54,\"caption\":\"Archivos Vivos de la JEP\"},\"image\":{\"@id\":\"https:\/\/herramientaspedagogicas.jep.gov.co\/archivos-vivos\/#\/schema\/logo\/image\/\"}}]}<\/script>\n<!-- \/ Yoast SEO plugin. -->","yoast_head_json":{"title":"Gu\u00eda de uso de Archivos Vivos - Archivos Vivos de la JEP","description":"La herramienta Archivos Vivos est\u00e1 acompa\u00f1ada de esta Gu\u00eda pedag\u00f3gica de uso, que ofrece actividades sugeridas y orientaciones para su implementaci\u00f3n en escenarios educativos.","robots":{"index":"index","follow":"follow","max-snippet":"max-snippet:-1","max-image-preview":"max-image-preview:large","max-video-preview":"max-video-preview:-1"},"canonical":"https:\/\/herramientaspedagogicas.jep.gov.co\/archivos-vivos\/guia-de-uso\/","og_locale":"es_ES","og_type":"article","og_title":"Gu\u00eda de uso de Archivos Vivos - Archivos Vivos de la JEP","og_description":"La herramienta Archivos Vivos est\u00e1 acompa\u00f1ada de esta Gu\u00eda pedag\u00f3gica de uso, que ofrece actividades sugeridas y orientaciones para su implementaci\u00f3n en escenarios educativos.","og_url":"https:\/\/herramientaspedagogicas.jep.gov.co\/archivos-vivos\/guia-de-uso\/","og_site_name":"Archivos Vivos de la JEP","article_modified_time":"2026-03-25T22:29:25+00:00","og_image":[{"width":780,"height":976,"url":"https:\/\/herramientaspedagogicas.jep.gov.co\/archivos-vivos\/wp-content\/uploads\/2025\/07\/portada-guia-de-uso.jpg","type":"image\/jpeg"}],"twitter_card":"summary_large_image","twitter_misc":{"Est. reading time":"2 minutos"},"schema":{"@context":"https:\/\/schema.org","@graph":[{"@type":"WebPage","@id":"https:\/\/herramientaspedagogicas.jep.gov.co\/archivos-vivos\/guia-de-uso\/","url":"https:\/\/herramientaspedagogicas.jep.gov.co\/archivos-vivos\/guia-de-uso\/","name":"Gu\u00eda de uso de Archivos Vivos - Archivos Vivos de la JEP","isPartOf":{"@id":"https:\/\/herramientaspedagogicas.jep.gov.co\/archivos-vivos\/#website"},"primaryImageOfPage":{"@id":"https:\/\/herramientaspedagogicas.jep.gov.co\/archivos-vivos\/guia-de-uso\/#primaryimage"},"image":{"@id":"https:\/\/herramientaspedagogicas.jep.gov.co\/archivos-vivos\/guia-de-uso\/#primaryimage"},"thumbnailUrl":"https:\/\/herramientaspedagogicas.jep.gov.co\/archivos-vivos\/wp-content\/uploads\/2025\/07\/portada-guia-de-uso.jpg","datePublished":"2025-07-31T20:28:53+00:00","dateModified":"2026-03-25T22:29:25+00:00","description":"La herramienta Archivos Vivos est\u00e1 acompa\u00f1ada de esta Gu\u00eda pedag\u00f3gica de uso, que ofrece actividades sugeridas y orientaciones para su implementaci\u00f3n en escenarios educativos.","breadcrumb":{"@id":"https:\/\/herramientaspedagogicas.jep.gov.co\/archivos-vivos\/guia-de-uso\/#breadcrumb"},"inLanguage":"es","potentialAction":[{"@type":"ReadAction","target":["https:\/\/herramientaspedagogicas.jep.gov.co\/archivos-vivos\/guia-de-uso\/"]}]},{"@type":"ImageObject","inLanguage":"es","@id":"https:\/\/herramientaspedagogicas.jep.gov.co\/archivos-vivos\/guia-de-uso\/#primaryimage","url":"https:\/\/herramientaspedagogicas.jep.gov.co\/archivos-vivos\/wp-content\/uploads\/2025\/07\/portada-guia-de-uso.jpg","contentUrl":"https:\/\/herramientaspedagogicas.jep.gov.co\/archivos-vivos\/wp-content\/uploads\/2025\/07\/portada-guia-de-uso.jpg","width":780,"height":976,"caption":"Portada gu\u00eda de uso"},{"@type":"BreadcrumbList","@id":"https:\/\/herramientaspedagogicas.jep.gov.co\/archivos-vivos\/guia-de-uso\/#breadcrumb","itemListElement":[{"@type":"ListItem","position":1,"name":"Home","item":"https:\/\/herramientaspedagogicas.jep.gov.co\/archivos-vivos\/"},{"@type":"ListItem","position":2,"name":"Gu\u00eda de uso de Archivos Vivos"}]},{"@type":"WebSite","@id":"https:\/\/herramientaspedagogicas.jep.gov.co\/archivos-vivos\/#website","url":"https:\/\/herramientaspedagogicas.jep.gov.co\/archivos-vivos\/","name":"Archivos Vivos de la JEP","description":"Una cartograf\u00eda de la justicia transicional","publisher":{"@id":"https:\/\/herramientaspedagogicas.jep.gov.co\/archivos-vivos\/#organization"},"potentialAction":[{"@type":"SearchAction","target":{"@type":"EntryPoint","urlTemplate":"https:\/\/herramientaspedagogicas.jep.gov.co\/archivos-vivos\/?s={search_term_string}"},"query-input":{"@type":"PropertyValueSpecification","valueRequired":true,"valueName":"search_term_string"}}],"inLanguage":"es"},{"@type":"Organization","@id":"https:\/\/herramientaspedagogicas.jep.gov.co\/archivos-vivos\/#organization","name":"Archivos Vivos de la JEP","url":"https:\/\/herramientaspedagogicas.jep.gov.co\/archivos-vivos\/","logo":{"@type":"ImageObject","inLanguage":"es","@id":"https:\/\/herramientaspedagogicas.jep.gov.co\/archivos-vivos\/#\/schema\/logo\/image\/","url":"https:\/\/herramientaspedagogicas.jep.gov.co\/archivos-vivos\/wp-content\/uploads\/2024\/10\/logojephorizontal2.webp","contentUrl":"https:\/\/herramientaspedagogicas.jep.gov.co\/archivos-vivos\/wp-content\/uploads\/2024\/10\/logojephorizontal2.webp","width":400,"height":54,"caption":"Archivos Vivos de la JEP"},"image":{"@id":"https:\/\/herramientaspedagogicas.jep.gov.co\/archivos-vivos\/#\/schema\/logo\/image\/"}}]}},"uagb_featured_image_src":{"full":false,"thumbnail":false,"medium":false,"medium_large":false,"large":false,"1536x1536":false,"2048x2048":false},"uagb_author_info":{"display_name":"SFI","author_link":"https:\/\/herramientaspedagogicas.jep.gov.co\/archivos-vivos\/author\/sfi_admin\/"},"uagb_comment_info":0,"uagb_excerpt":"La herramienta Archivos Vivos est\u00e1 acompa\u00f1ada de esta Gu\u00eda pedag\u00f3gica de uso, que ofrece actividades sugeridas y orientaciones para su implementaci\u00f3n en escenarios educativos. Te invitamos a consultar esta gu\u00eda, que puede utilizarse, adaptarse o integrarse en cursos, seminarios y espacios acad\u00e9micos, seg\u00fan los intereses y necesidades de cada grupo de trabajo. \u00bfQu\u00e9 buscamos? Como&hellip;","_links":{"self":[{"href":"https:\/\/herramientaspedagogicas.jep.gov.co\/archivos-vivos\/wp-json\/wp\/v2\/pages\/3523","targetHints":{"allow":["GET"]}}],"collection":[{"href":"https:\/\/herramientaspedagogicas.jep.gov.co\/archivos-vivos\/wp-json\/wp\/v2\/pages"}],"about":[{"href":"https:\/\/herramientaspedagogicas.jep.gov.co\/archivos-vivos\/wp-json\/wp\/v2\/types\/page"}],"author":[{"embeddable":true,"href":"https:\/\/herramientaspedagogicas.jep.gov.co\/archivos-vivos\/wp-json\/wp\/v2\/users\/8"}],"replies":[{"embeddable":true,"href":"https:\/\/herramientaspedagogicas.jep.gov.co\/archivos-vivos\/wp-json\/wp\/v2\/comments?post=3523"}],"version-history":[{"count":7,"href":"https:\/\/herramientaspedagogicas.jep.gov.co\/archivos-vivos\/wp-json\/wp\/v2\/pages\/3523\/revisions"}],"predecessor-version":[{"id":4064,"href":"https:\/\/herramientaspedagogicas.jep.gov.co\/archivos-vivos\/wp-json\/wp\/v2\/pages\/3523\/revisions\/4064"}],"wp:attachment":[{"href":"https:\/\/herramientaspedagogicas.jep.gov.co\/archivos-vivos\/wp-json\/wp\/v2\/media?parent=3523"}],"curies":[{"name":"wp","href":"https:\/\/api.w.org\/{rel}","templated":true}]}}