{"id":24,"date":"2024-09-06T17:52:52","date_gmt":"2024-09-06T15:52:52","guid":{"rendered":"https:\/\/herramientaspedagogicas.jep.gov.co\/archivos-vivos\/?page_id=24"},"modified":"2026-03-25T17:21:03","modified_gmt":"2026-03-25T22:21:03","slug":"inicio","status":"publish","type":"page","link":"https:\/\/herramientaspedagogicas.jep.gov.co\/archivos-vivos\/","title":{"rendered":"Archivos vivos de la JEP &#8211; Una cartograf\u00eda de la justicia transicional"},"content":{"rendered":"\n<p>Accede a los archivos audiovisuales de algunas de las audiencias de la Jurisdicci\u00f3n Especial para la Paz.&nbsp;<\/p>\n\n\n\n<p>Se espera que las distintas fuentes y archivos que registran la actividad de la JEP se configuren como un\u202fpatrimonio p\u00fablico relevante y puesto a disposici\u00f3n de una ciudadan\u00eda interesada en conocer y comprender el pasado violento del que provenimos, pero tambi\u00e9n las apuestas de la justicia transicional y restaurativa, en aras de contribuir a la no repetici\u00f3n de los ciclos de violencia que ha padecido el pa\u00eds.&nbsp;<\/p>\n\n\n\n<h3 class=\"wp-block-heading\">\u00bfQu\u00e9 contiene Archivos Vivos?<\/h3>\n\n\n\n<p>Para facilitar el acceso a esta plataforma, la informaci\u00f3n se organiza en ejes tem\u00e1ticos que sirven de gu\u00eda para la navegaci\u00f3n.&nbsp;&nbsp;<\/p>\n\n\n\n<ul class=\"wp-block-list uag-hide-desktop uag-hide-tab uag-hide-mob\">\n<li><strong>Audiencias &#8211; La JEP, un tribunal restaurativo y dial\u00f3gico&nbsp;<\/strong>permite acceder a material audiovisual de algunas de las audiencias para conocer los sentidos y las caracter\u00edsticas de este Tribunal.<\/li>\n\n\n\n<li><strong>Antecedentes<\/strong>&nbsp;permite un acercamiento hist\u00f3rico de la justicia transicional y el enfoque restaurativo.&nbsp;<\/li>\n\n\n\n<li><strong>La<\/strong>&nbsp;<strong>JEP en acci\u00f3n<\/strong>&nbsp;contextualiza y presenta de manera general los casos y algunas medidas cautelares de protecci\u00f3n a lugares<\/li>\n\n\n\n<li><strong>La<\/strong>&nbsp;<strong>JEP en acci\u00f3n<\/strong>&nbsp;contextualiza y presenta de manera general los casos y algunas medidas cautelares de protecci\u00f3n a lugares<\/li>\n\n\n\n<li><strong>Glosario <\/strong>recoge definiciones de conceptos b\u00e1sicos sobre el trabajo implementado por la JEP.<\/li>\n<\/ul>\n\n\n\n<div style=\"height:3em\" aria-hidden=\"true\" class=\"wp-block-spacer\"><\/div>\n\n\n\n<div class=\"wp-block-columns full-ancho is-layout-flex wp-container-core-columns-is-layout-9d6595d7 wp-block-columns-is-layout-flex\">\n<div class=\"wp-block-column is-layout-flow wp-block-column-is-layout-flow\">\n<div class=\"wp-block-uagb-info-box uagb-block-54258be4 uagb-infobox__content-wrap  uagb-infobox-icon-above-title uagb-infobox-image-valign-top iconos-inicio\"><div class=\"uagb-ifb-content\"><div class=\"uagb-ifb-image-content\"><img decoding=\"async\" src=\"https:\/\/herramientaspedagogicas.jep.gov.co\/archivos-vivos\/wp-content\/uploads\/2025\/06\/tribunal.svg\" alt=\"\" width=\"\" height=\"0\" loading=\"lazy\"\/><\/div><div class=\"uagb-ifb-title-wrap\"><\/div><p class=\"uagb-ifb-desc\"><strong>Audiencias &#8211; La JEP, un tribunal restaurativo y dial\u00f3gico&nbsp;<\/strong>permite acceder a material audiovisual de algunas de las audiencias para conocer los sentidos y las caracter\u00edsticas de este Tribunal.<\/p><\/div><\/div>\n<\/div>\n\n\n\n<div class=\"wp-block-column is-layout-flow wp-block-column-is-layout-flow\">\n<div class=\"wp-block-uagb-info-box uagb-block-899ef811 uagb-infobox__content-wrap  uagb-infobox-icon-above-title uagb-infobox-image-valign-top iconos-inicio\"><div class=\"uagb-ifb-content\"><div class=\"uagb-ifb-image-content\"><img decoding=\"async\" src=\"https:\/\/herramientaspedagogicas.jep.gov.co\/archivos-vivos\/wp-content\/uploads\/2025\/06\/antecedentes.svg\" alt=\"\" width=\"\" height=\"0\" loading=\"lazy\"\/><\/div><div class=\"uagb-ifb-title-wrap\"><\/div><p class=\"uagb-ifb-desc\"><strong>Antecedentes<\/strong>&nbsp;permite un acercamiento hist\u00f3rico de la justicia transicional y el enfoque restaurativo<\/p><\/div><\/div>\n<\/div>\n\n\n\n<div class=\"wp-block-column is-layout-flow wp-block-column-is-layout-flow\">\n<div class=\"wp-block-uagb-info-box uagb-block-5a5e9161 uagb-infobox__content-wrap  uagb-infobox-icon-above-title uagb-infobox-image-valign-top iconos-inicio\"><div class=\"uagb-ifb-content\"><div class=\"uagb-ifb-image-content\"><img decoding=\"async\" src=\"https:\/\/herramientaspedagogicas.jep.gov.co\/archivos-vivos\/wp-content\/uploads\/2025\/06\/jep-accion.svg\" alt=\"\" width=\"\" height=\"0\" loading=\"lazy\"\/><\/div><div class=\"uagb-ifb-title-wrap\"><\/div><p class=\"uagb-ifb-desc\"><strong>La<\/strong>&nbsp;<strong>JEP en acci\u00f3n<\/strong>&nbsp;contextualiza y presenta de manera general los casos y algunas medidas cautelares de protecci\u00f3n a lugares<\/p><\/div><\/div>\n<\/div>\n\n\n\n<div class=\"wp-block-column is-layout-flow wp-block-column-is-layout-flow\">\n<div class=\"wp-block-uagb-info-box uagb-block-62c76849 uagb-infobox__content-wrap  uagb-infobox-icon-above-title uagb-infobox-image-valign-top iconos-inicio\"><div class=\"uagb-ifb-content\"><div class=\"uagb-ifb-image-content\"><img decoding=\"async\" src=\"https:\/\/herramientaspedagogicas.jep.gov.co\/archivos-vivos\/wp-content\/uploads\/2025\/06\/documentos.svg\" alt=\"\" width=\"\" height=\"0\" loading=\"lazy\"\/><\/div><div class=\"uagb-ifb-title-wrap\"><\/div><p class=\"uagb-ifb-desc\"><strong>Documentos<\/strong>, referencias bibliogr\u00e1ficas de material usado, as\u00ed como referencias de material sobre justicia transicional y justicia restaurativa.<\/p><\/div><\/div>\n<\/div>\n\n\n\n<div class=\"wp-block-column is-layout-flow wp-block-column-is-layout-flow\">\n<div class=\"wp-block-uagb-info-box uagb-block-d80bcd37 uagb-infobox__content-wrap  uagb-infobox-icon-above-title uagb-infobox-image-valign-top iconos-inicio\"><div class=\"uagb-ifb-content\"><div class=\"uagb-ifb-image-content\"><img decoding=\"async\" src=\"https:\/\/herramientaspedagogicas.jep.gov.co\/archivos-vivos\/wp-content\/uploads\/2025\/06\/glosario.svg\" alt=\"\" width=\"\" height=\"0\" loading=\"lazy\"\/><\/div><div class=\"uagb-ifb-title-wrap\"><\/div><p class=\"uagb-ifb-desc\"><strong>Glosario <\/strong>recoge definiciones de conceptos b\u00e1sicos sobre el trabajo implementado por la JEP.<\/p><\/div><\/div>\n<\/div>\n<\/div>\n\n\n\n<div style=\"height:3em\" aria-hidden=\"true\" class=\"wp-block-spacer\"><\/div>\n\n\n\n<p><\/p>\n","protected":false},"excerpt":{"rendered":"<p>Accede a los archivos audiovisuales de algunas de las audiencias de la Jurisdicci\u00f3n Especial para la Paz.&nbsp; Se espera que las distintas fuentes y archivos que registran la actividad de la JEP se configuren como un\u202fpatrimonio p\u00fablico relevante y puesto a disposici\u00f3n de una ciudadan\u00eda interesada en conocer y comprender el pasado violento del que [&hellip;]<\/p>\n","protected":false},"author":8,"featured_media":1606,"parent":0,"menu_order":0,"comment_status":"closed","ping_status":"closed","template":"","meta":{"_acf_changed":false,"_uag_custom_page_level_css":"","_monsterinsights_skip_tracking":false,"_monsterinsights_sitenote_active":false,"_monsterinsights_sitenote_note":"","_monsterinsights_sitenote_category":0,"footnotes":""},"class_list":["post-24","page","type-page","status-publish","has-post-thumbnail","hentry"],"acf":[],"yoast_head":"<!-- This site is optimized with the Yoast SEO plugin v26.4 - https:\/\/yoast.com\/wordpress\/plugins\/seo\/ -->\n<title>Archivos vivos de la JEP - Una cartograf\u00eda de la justicia transicional - Archivos Vivos de la JEP<\/title>\n<meta name=\"robots\" content=\"index, follow, max-snippet:-1, max-image-preview:large, max-video-preview:-1\" \/>\n<link rel=\"canonical\" href=\"https:\/\/herramientaspedagogicas.jep.gov.co\/archivos-vivos\/\" \/>\n<meta property=\"og:locale\" content=\"es_ES\" \/>\n<meta property=\"og:type\" content=\"article\" \/>\n<meta property=\"og:title\" content=\"Archivos vivos de la JEP - Una cartograf\u00eda de la justicia transicional - Archivos Vivos de la JEP\" \/>\n<meta property=\"og:description\" content=\"Accede a los archivos audiovisuales de algunas de las audiencias de la Jurisdicci\u00f3n Especial para la Paz.&nbsp; Se espera que las distintas fuentes y archivos que registran la actividad de la JEP se configuren como un\u202fpatrimonio p\u00fablico relevante y puesto a disposici\u00f3n de una ciudadan\u00eda interesada en conocer y comprender el pasado violento del que [&hellip;]\" \/>\n<meta property=\"og:url\" content=\"https:\/\/herramientaspedagogicas.jep.gov.co\/archivos-vivos\/\" \/>\n<meta property=\"og:site_name\" content=\"Archivos Vivos de la JEP\" \/>\n<meta property=\"article:modified_time\" content=\"2026-03-25T22:21:03+00:00\" \/>\n<meta property=\"og:image\" content=\"https:\/\/herramientaspedagogicas.jep.gov.co\/archivos-vivos\/wp-content\/uploads\/2024\/10\/ilustracion_home.jpg\" \/>\n\t<meta property=\"og:image:width\" content=\"2500\" \/>\n\t<meta property=\"og:image:height\" content=\"1468\" \/>\n\t<meta property=\"og:image:type\" content=\"image\/jpeg\" \/>\n<meta name=\"twitter:card\" content=\"summary_large_image\" \/>\n<meta name=\"twitter:label1\" content=\"Est. reading time\" \/>\n\t<meta name=\"twitter:data1\" content=\"3 minutos\" \/>\n<script type=\"application\/ld+json\" class=\"yoast-schema-graph\">{\"@context\":\"https:\/\/schema.org\",\"@graph\":[{\"@type\":\"WebPage\",\"@id\":\"https:\/\/herramientaspedagogicas.jep.gov.co\/archivos-vivos\/\",\"url\":\"https:\/\/herramientaspedagogicas.jep.gov.co\/archivos-vivos\/\",\"name\":\"Archivos vivos de la JEP - Una cartograf\u00eda de la justicia transicional - Archivos Vivos de la JEP\",\"isPartOf\":{\"@id\":\"https:\/\/herramientaspedagogicas.jep.gov.co\/archivos-vivos\/#website\"},\"primaryImageOfPage\":{\"@id\":\"https:\/\/herramientaspedagogicas.jep.gov.co\/archivos-vivos\/#primaryimage\"},\"image\":{\"@id\":\"https:\/\/herramientaspedagogicas.jep.gov.co\/archivos-vivos\/#primaryimage\"},\"thumbnailUrl\":\"https:\/\/herramientaspedagogicas.jep.gov.co\/archivos-vivos\/wp-content\/uploads\/2024\/10\/ilustracion_home.jpg\",\"datePublished\":\"2024-09-06T15:52:52+00:00\",\"dateModified\":\"2026-03-25T22:21:03+00:00\",\"breadcrumb\":{\"@id\":\"https:\/\/herramientaspedagogicas.jep.gov.co\/archivos-vivos\/#breadcrumb\"},\"inLanguage\":\"es\",\"potentialAction\":[{\"@type\":\"ReadAction\",\"target\":[\"https:\/\/herramientaspedagogicas.jep.gov.co\/archivos-vivos\/\"]}]},{\"@type\":\"ImageObject\",\"inLanguage\":\"es\",\"@id\":\"https:\/\/herramientaspedagogicas.jep.gov.co\/archivos-vivos\/#primaryimage\",\"url\":\"https:\/\/herramientaspedagogicas.jep.gov.co\/archivos-vivos\/wp-content\/uploads\/2024\/10\/ilustracion_home.jpg\",\"contentUrl\":\"https:\/\/herramientaspedagogicas.jep.gov.co\/archivos-vivos\/wp-content\/uploads\/2024\/10\/ilustracion_home.jpg\",\"width\":2500,\"height\":1468},{\"@type\":\"BreadcrumbList\",\"@id\":\"https:\/\/herramientaspedagogicas.jep.gov.co\/archivos-vivos\/#breadcrumb\",\"itemListElement\":[{\"@type\":\"ListItem\",\"position\":1,\"name\":\"Home\",\"item\":\"https:\/\/herramientaspedagogicas.jep.gov.co\/archivos-vivos\/\"},{\"@type\":\"ListItem\",\"position\":2,\"name\":\"Archivos vivos de la JEP &#8211; Una cartograf\u00eda de la justicia transicional\"}]},{\"@type\":\"WebSite\",\"@id\":\"https:\/\/herramientaspedagogicas.jep.gov.co\/archivos-vivos\/#website\",\"url\":\"https:\/\/herramientaspedagogicas.jep.gov.co\/archivos-vivos\/\",\"name\":\"Archivos Vivos de la JEP\",\"description\":\"Una cartograf\u00eda de la justicia transicional\",\"publisher\":{\"@id\":\"https:\/\/herramientaspedagogicas.jep.gov.co\/archivos-vivos\/#organization\"},\"potentialAction\":[{\"@type\":\"SearchAction\",\"target\":{\"@type\":\"EntryPoint\",\"urlTemplate\":\"https:\/\/herramientaspedagogicas.jep.gov.co\/archivos-vivos\/?s={search_term_string}\"},\"query-input\":{\"@type\":\"PropertyValueSpecification\",\"valueRequired\":true,\"valueName\":\"search_term_string\"}}],\"inLanguage\":\"es\"},{\"@type\":\"Organization\",\"@id\":\"https:\/\/herramientaspedagogicas.jep.gov.co\/archivos-vivos\/#organization\",\"name\":\"Archivos Vivos de la JEP\",\"url\":\"https:\/\/herramientaspedagogicas.jep.gov.co\/archivos-vivos\/\",\"logo\":{\"@type\":\"ImageObject\",\"inLanguage\":\"es\",\"@id\":\"https:\/\/herramientaspedagogicas.jep.gov.co\/archivos-vivos\/#\/schema\/logo\/image\/\",\"url\":\"https:\/\/herramientaspedagogicas.jep.gov.co\/archivos-vivos\/wp-content\/uploads\/2024\/10\/logojephorizontal2.webp\",\"contentUrl\":\"https:\/\/herramientaspedagogicas.jep.gov.co\/archivos-vivos\/wp-content\/uploads\/2024\/10\/logojephorizontal2.webp\",\"width\":400,\"height\":54,\"caption\":\"Archivos Vivos de la JEP\"},\"image\":{\"@id\":\"https:\/\/herramientaspedagogicas.jep.gov.co\/archivos-vivos\/#\/schema\/logo\/image\/\"}}]}<\/script>\n<!-- \/ Yoast SEO plugin. -->","yoast_head_json":{"title":"Archivos vivos de la JEP - Una cartograf\u00eda de la justicia transicional - Archivos Vivos de la JEP","robots":{"index":"index","follow":"follow","max-snippet":"max-snippet:-1","max-image-preview":"max-image-preview:large","max-video-preview":"max-video-preview:-1"},"canonical":"https:\/\/herramientaspedagogicas.jep.gov.co\/archivos-vivos\/","og_locale":"es_ES","og_type":"article","og_title":"Archivos vivos de la JEP - Una cartograf\u00eda de la justicia transicional - Archivos Vivos de la JEP","og_description":"Accede a los archivos audiovisuales de algunas de las audiencias de la Jurisdicci\u00f3n Especial para la Paz.&nbsp; Se espera que las distintas fuentes y archivos que registran la actividad de la JEP se configuren como un\u202fpatrimonio p\u00fablico relevante y puesto a disposici\u00f3n de una ciudadan\u00eda interesada en conocer y comprender el pasado violento del que [&hellip;]","og_url":"https:\/\/herramientaspedagogicas.jep.gov.co\/archivos-vivos\/","og_site_name":"Archivos Vivos de la JEP","article_modified_time":"2026-03-25T22:21:03+00:00","og_image":[{"width":2500,"height":1468,"url":"https:\/\/herramientaspedagogicas.jep.gov.co\/archivos-vivos\/wp-content\/uploads\/2024\/10\/ilustracion_home.jpg","type":"image\/jpeg"}],"twitter_card":"summary_large_image","twitter_misc":{"Est. reading time":"3 minutos"},"schema":{"@context":"https:\/\/schema.org","@graph":[{"@type":"WebPage","@id":"https:\/\/herramientaspedagogicas.jep.gov.co\/archivos-vivos\/","url":"https:\/\/herramientaspedagogicas.jep.gov.co\/archivos-vivos\/","name":"Archivos vivos de la JEP - Una cartograf\u00eda de la justicia transicional - Archivos Vivos de la JEP","isPartOf":{"@id":"https:\/\/herramientaspedagogicas.jep.gov.co\/archivos-vivos\/#website"},"primaryImageOfPage":{"@id":"https:\/\/herramientaspedagogicas.jep.gov.co\/archivos-vivos\/#primaryimage"},"image":{"@id":"https:\/\/herramientaspedagogicas.jep.gov.co\/archivos-vivos\/#primaryimage"},"thumbnailUrl":"https:\/\/herramientaspedagogicas.jep.gov.co\/archivos-vivos\/wp-content\/uploads\/2024\/10\/ilustracion_home.jpg","datePublished":"2024-09-06T15:52:52+00:00","dateModified":"2026-03-25T22:21:03+00:00","breadcrumb":{"@id":"https:\/\/herramientaspedagogicas.jep.gov.co\/archivos-vivos\/#breadcrumb"},"inLanguage":"es","potentialAction":[{"@type":"ReadAction","target":["https:\/\/herramientaspedagogicas.jep.gov.co\/archivos-vivos\/"]}]},{"@type":"ImageObject","inLanguage":"es","@id":"https:\/\/herramientaspedagogicas.jep.gov.co\/archivos-vivos\/#primaryimage","url":"https:\/\/herramientaspedagogicas.jep.gov.co\/archivos-vivos\/wp-content\/uploads\/2024\/10\/ilustracion_home.jpg","contentUrl":"https:\/\/herramientaspedagogicas.jep.gov.co\/archivos-vivos\/wp-content\/uploads\/2024\/10\/ilustracion_home.jpg","width":2500,"height":1468},{"@type":"BreadcrumbList","@id":"https:\/\/herramientaspedagogicas.jep.gov.co\/archivos-vivos\/#breadcrumb","itemListElement":[{"@type":"ListItem","position":1,"name":"Home","item":"https:\/\/herramientaspedagogicas.jep.gov.co\/archivos-vivos\/"},{"@type":"ListItem","position":2,"name":"Archivos vivos de la JEP &#8211; Una cartograf\u00eda de la justicia transicional"}]},{"@type":"WebSite","@id":"https:\/\/herramientaspedagogicas.jep.gov.co\/archivos-vivos\/#website","url":"https:\/\/herramientaspedagogicas.jep.gov.co\/archivos-vivos\/","name":"Archivos Vivos de la JEP","description":"Una cartograf\u00eda de la justicia transicional","publisher":{"@id":"https:\/\/herramientaspedagogicas.jep.gov.co\/archivos-vivos\/#organization"},"potentialAction":[{"@type":"SearchAction","target":{"@type":"EntryPoint","urlTemplate":"https:\/\/herramientaspedagogicas.jep.gov.co\/archivos-vivos\/?s={search_term_string}"},"query-input":{"@type":"PropertyValueSpecification","valueRequired":true,"valueName":"search_term_string"}}],"inLanguage":"es"},{"@type":"Organization","@id":"https:\/\/herramientaspedagogicas.jep.gov.co\/archivos-vivos\/#organization","name":"Archivos Vivos de la JEP","url":"https:\/\/herramientaspedagogicas.jep.gov.co\/archivos-vivos\/","logo":{"@type":"ImageObject","inLanguage":"es","@id":"https:\/\/herramientaspedagogicas.jep.gov.co\/archivos-vivos\/#\/schema\/logo\/image\/","url":"https:\/\/herramientaspedagogicas.jep.gov.co\/archivos-vivos\/wp-content\/uploads\/2024\/10\/logojephorizontal2.webp","contentUrl":"https:\/\/herramientaspedagogicas.jep.gov.co\/archivos-vivos\/wp-content\/uploads\/2024\/10\/logojephorizontal2.webp","width":400,"height":54,"caption":"Archivos Vivos de la JEP"},"image":{"@id":"https:\/\/herramientaspedagogicas.jep.gov.co\/archivos-vivos\/#\/schema\/logo\/image\/"}}]}},"uagb_featured_image_src":{"full":["https:\/\/herramientaspedagogicas.jep.gov.co\/archivos-vivos\/wp-content\/uploads\/2024\/10\/ilustracion_home.jpg",2500,1468,false],"thumbnail":["https:\/\/herramientaspedagogicas.jep.gov.co\/archivos-vivos\/wp-content\/uploads\/2024\/10\/ilustracion_home-150x150.jpg",150,150,true],"medium":["https:\/\/herramientaspedagogicas.jep.gov.co\/archivos-vivos\/wp-content\/uploads\/2024\/10\/ilustracion_home-300x176.jpg",300,176,true],"medium_large":["https:\/\/herramientaspedagogicas.jep.gov.co\/archivos-vivos\/wp-content\/uploads\/2024\/10\/ilustracion_home-768x451.jpg",640,376,true],"large":["https:\/\/herramientaspedagogicas.jep.gov.co\/archivos-vivos\/wp-content\/uploads\/2024\/10\/ilustracion_home-1024x601.jpg",640,376,true],"1536x1536":["https:\/\/herramientaspedagogicas.jep.gov.co\/archivos-vivos\/wp-content\/uploads\/2024\/10\/ilustracion_home-1536x902.jpg",1536,902,true],"2048x2048":["https:\/\/herramientaspedagogicas.jep.gov.co\/archivos-vivos\/wp-content\/uploads\/2024\/10\/ilustracion_home-2048x1203.jpg",2048,1203,true]},"uagb_author_info":{"display_name":"SFI","author_link":"https:\/\/herramientaspedagogicas.jep.gov.co\/archivos-vivos\/author\/sfi_admin\/"},"uagb_comment_info":0,"uagb_excerpt":"Accede a los archivos audiovisuales de algunas de las audiencias de la Jurisdicci\u00f3n Especial para la Paz.&nbsp; Se espera que las distintas fuentes y archivos que registran la actividad de la JEP se configuren como un\u202fpatrimonio p\u00fablico relevante y puesto a disposici\u00f3n de una ciudadan\u00eda interesada en conocer y comprender el pasado violento del que&hellip;","_links":{"self":[{"href":"https:\/\/herramientaspedagogicas.jep.gov.co\/archivos-vivos\/wp-json\/wp\/v2\/pages\/24","targetHints":{"allow":["GET"]}}],"collection":[{"href":"https:\/\/herramientaspedagogicas.jep.gov.co\/archivos-vivos\/wp-json\/wp\/v2\/pages"}],"about":[{"href":"https:\/\/herramientaspedagogicas.jep.gov.co\/archivos-vivos\/wp-json\/wp\/v2\/types\/page"}],"author":[{"embeddable":true,"href":"https:\/\/herramientaspedagogicas.jep.gov.co\/archivos-vivos\/wp-json\/wp\/v2\/users\/8"}],"replies":[{"embeddable":true,"href":"https:\/\/herramientaspedagogicas.jep.gov.co\/archivos-vivos\/wp-json\/wp\/v2\/comments?post=24"}],"version-history":[{"count":136,"href":"https:\/\/herramientaspedagogicas.jep.gov.co\/archivos-vivos\/wp-json\/wp\/v2\/pages\/24\/revisions"}],"predecessor-version":[{"id":4061,"href":"https:\/\/herramientaspedagogicas.jep.gov.co\/archivos-vivos\/wp-json\/wp\/v2\/pages\/24\/revisions\/4061"}],"wp:featuredmedia":[{"embeddable":true,"href":"https:\/\/herramientaspedagogicas.jep.gov.co\/archivos-vivos\/wp-json\/wp\/v2\/media\/1606"}],"wp:attachment":[{"href":"https:\/\/herramientaspedagogicas.jep.gov.co\/archivos-vivos\/wp-json\/wp\/v2\/media?parent=24"}],"curies":[{"name":"wp","href":"https:\/\/api.w.org\/{rel}","templated":true}]}}