{"id":151,"date":"2024-09-11T23:08:23","date_gmt":"2024-09-11T21:08:23","guid":{"rendered":"https:\/\/herramientaspedagogicas.jep.gov.co\/archivos-vivos\/?page_id=151"},"modified":"2025-05-23T10:46:12","modified_gmt":"2025-05-23T15:46:12","slug":"la-jep-justicia-transicional-y-restaurativa","status":"publish","type":"page","link":"https:\/\/herramientaspedagogicas.jep.gov.co\/archivos-vivos\/la-jep-justicia-transicional-y-restaurativa\/","title":{"rendered":"La JEP justicia transicional y restaurativa\u00a0"},"content":{"rendered":"\n<p>La Jurisdicci\u00f3n Especial para la Paz (JEP) es un tribunal de justicia transicional producto del Acuerdo Paz entre el Gobierno Nacional y las antiguas FARC-EP. Fue creada para administrar justicia, es decir, investigar, juzgar y sancionar los delitos cometidos en el marco del conflicto armado, especialmente las graves infracciones al Derecho Internacional Humanitario y las graves violaciones a los Derechos Humanos. El objetivo de la JEP es &nbsp;satisfacer los derechos de las v\u00edctimas, ofrecer verdad a la sociedad colombiana, contribuir al logro de una paz estable y duradera y adoptar decisiones que otorguen plena seguridad jur\u00eddica a los comparecientes.<\/p>\n\n\n\n<p>Uno de los paradigmas orientadores de la JEP es la aplicaci\u00f3n de la &nbsp;justicia restaurativa que, seg\u00fan lo dispuesto en el Acto Legislativo 01 de 2017, \u00abpreferentemente busca la restauraci\u00f3n del da\u00f1o causado y la reparaci\u00f3n de las v\u00edctimas afectadas por el conflicto, especialmente para acabar con la situaci\u00f3n de exclusi\u00f3n social que les haya provocado la victimizaci\u00f3n\u00bb (Congreso de la Rep\u00fablica de Colombia, 2017).<\/p>\n\n\n\n<p><a>Adem\u00e1s de la restauraci\u00f3n de las v\u00edctimas, este paradigma tambi\u00e9n propende por la restauraci\u00f3n de quienes cometieron los cr\u00edmenes, por la reconstrucci\u00f3n de los lazos y relaciones rotas por la violencia, y busca contribuir a las garant\u00edas de no repetici\u00f3n y a la construcci\u00f3n de paz.<\/a><\/p>\n\n\n\n<p>A la par y principalmente en aquellos casos en los cuales los comparecientes no aportan verdad exhaustiva o no reconocen responsabilidad o lo hacen tard\u00edamente, la JEP implementa mecanismos propios de la justicia retributiva que se enfocan en el castigos como la privaci\u00f3n de la libertad en centros penitenciarios.<\/p>\n\n\n\n<p>Es fundamental subrayar que, en el marco de la JEP, los paradigmas de justicia restaurativa y retributiva no se conciben como opuestos, sino como complementarios, con el prop\u00f3sito de garantizar el principio de centralidad de las v\u00edctimas y la plena satisfacci\u00f3n de sus derechos. En este contexto, la JEP desarrolla dos tipos de procedimientos o rutas: i) Procesos en casos de reconocimiento de verdad y responsabilidad, y ii) Procesos en casos de ausencia de reconocimiento de verdad y responsabilidad. En ambas situaciones, la JEP impone sanciones a los responsables; sin embargo, en los casos de reconocimiento, las sanciones tienen como objetivo no solo el castigo, sino, principalmente, asegurar que los comparecientes contribuyan activamente a la reparaci\u00f3n y restauraci\u00f3n.<\/p>\n\n\n\n<p>En los procesos donde hay reconocimiento de responsabilidad la JEP, promueve una ruta dial\u00f3gica, reconociendo que los cr\u00edmenes ocurren en un contexto que debe comprenderse, prestando atenci\u00f3n a los factores estructurales que los escalan y reproducen, y buscando transformaciones hacia la no repetici\u00f3n y la construcci\u00f3n de paz. En este sentido, \u00ablas salas y las secciones, cuando corresponda, podr\u00e1n adoptar las medidas que estimen oportunas e id\u00f3neas para promover la construcci\u00f3n dial\u00f3gica de la verdad entre los sujetos procesales e intervinientes, que propendan por la armonizaci\u00f3n y sanaci\u00f3n individual, colectiva y territorial, y promover\u00e1n la construcci\u00f3n de acuerdos aplicando criterios de razonabilidad y proporcionalidad, en todas las fases del procedimiento. En algunos casos, podr\u00e1n tomar en cuenta las pr\u00e1cticas restaurativas de las justicias \u00e9tnicas\u00bb (Congreso de la Rep\u00fablica de Colombia,2018).<\/p>\n\n\n\n<p>La justicia restaurativa permite que los perpetradores asuman responsabilidades y se comprometan a reparar los da\u00f1os causados, pretende que \u00e9stos \u201c\u2026adquieran una comprensi\u00f3n profunda de la violencia de la cual fueron art\u00edfices y por esa v\u00eda, surja el reconocimiento de las responsabilidades (\u2026) [y] se comprometan en forma efectiva con la reparaci\u00f3n a las v\u00edctimas, la implementaci\u00f3n de medidas eficaces de no repetici\u00f3n y el esclarecimiento de la verdad\u00bb (JEP, Sala de Definici\u00f3n de Situaciones Jur\u00eddicas, Resoluci\u00f3n 2735 de 2018).<\/p>\n\n\n\n<p>Para contribuir a la reparaci\u00f3n de las v\u00edctimas la Justicia Restaurativa promueve la implementaci\u00f3n de acciones y\/o proyectos restaurativos, a cargo de los comparecientes, los cuales deben involucrar a las v\u00edctimas, a las comunidades tambi\u00e9n a las autoridades, instituciones y a la sociedad en general.<\/p>\n\n\n\n<p>La justicia restaurativa debe medir su impacto por su capacidad para atender las necesidades y demandas de quienes participan en el proceso en t\u00e9rminos de verdad y justicia, as\u00ed como por su potencial para generar cambios que permitan a las personas sentirse reconocidas y dignificadas, y asumir las responsabilidades que les corresponden. En este sentido, las Naciones Unidas se\u00f1alan que \u00aben lugar de determinar cu\u00e1nto castigo se inflige, la justicia restaurativa mide cu\u00e1nto da\u00f1o se repara\u00bb (ONU, 2013, p. 30).<\/p>\n\n\n\n<p><a href=\"#_ftnref1\" id=\"_ftn1\"><\/a>&nbsp;<\/p>\n","protected":false},"excerpt":{"rendered":"<p>La Jurisdicci\u00f3n Especial para la Paz (JEP) es un tribunal de justicia transicional producto del Acuerdo Paz entre el Gobierno Nacional y las antiguas FARC-EP. Fue creada para administrar justicia, es decir, investigar, juzgar y sancionar los delitos cometidos en el marco del conflicto armado, especialmente las graves infracciones al Derecho Internacional Humanitario y las [&hellip;]<\/p>\n","protected":false},"author":8,"featured_media":0,"parent":0,"menu_order":0,"comment_status":"closed","ping_status":"closed","template":"","meta":{"_acf_changed":false,"_uag_custom_page_level_css":"","_monsterinsights_skip_tracking":false,"_monsterinsights_sitenote_active":false,"_monsterinsights_sitenote_note":"","_monsterinsights_sitenote_category":0,"footnotes":""},"class_list":["post-151","page","type-page","status-publish","hentry"],"acf":[],"yoast_head":"<!-- This site is optimized with the Yoast SEO plugin v26.4 - https:\/\/yoast.com\/wordpress\/plugins\/seo\/ -->\n<title>La JEP justicia transicional y restaurativa\u00a0 - Archivos Vivos de la JEP<\/title>\n<meta name=\"robots\" content=\"index, follow, max-snippet:-1, max-image-preview:large, max-video-preview:-1\" \/>\n<link rel=\"canonical\" href=\"https:\/\/herramientaspedagogicas.jep.gov.co\/archivos-vivos\/la-jep-justicia-transicional-y-restaurativa\/\" \/>\n<meta property=\"og:locale\" content=\"es_ES\" \/>\n<meta property=\"og:type\" content=\"article\" \/>\n<meta property=\"og:title\" content=\"La JEP justicia transicional y restaurativa\u00a0 - Archivos Vivos de la JEP\" \/>\n<meta property=\"og:description\" content=\"La Jurisdicci\u00f3n Especial para la Paz (JEP) es un tribunal de justicia transicional producto del Acuerdo Paz entre el Gobierno Nacional y las antiguas FARC-EP. Fue creada para administrar justicia, es decir, investigar, juzgar y sancionar los delitos cometidos en el marco del conflicto armado, especialmente las graves infracciones al Derecho Internacional Humanitario y las [&hellip;]\" \/>\n<meta property=\"og:url\" content=\"https:\/\/herramientaspedagogicas.jep.gov.co\/archivos-vivos\/la-jep-justicia-transicional-y-restaurativa\/\" \/>\n<meta property=\"og:site_name\" content=\"Archivos Vivos de la JEP\" \/>\n<meta property=\"article:modified_time\" content=\"2025-05-23T15:46:12+00:00\" \/>\n<meta name=\"twitter:card\" content=\"summary_large_image\" \/>\n<meta name=\"twitter:label1\" content=\"Est. reading time\" \/>\n\t<meta name=\"twitter:data1\" content=\"4 minutos\" \/>\n<script type=\"application\/ld+json\" class=\"yoast-schema-graph\">{\"@context\":\"https:\/\/schema.org\",\"@graph\":[{\"@type\":\"WebPage\",\"@id\":\"https:\/\/herramientaspedagogicas.jep.gov.co\/archivos-vivos\/la-jep-justicia-transicional-y-restaurativa\/\",\"url\":\"https:\/\/herramientaspedagogicas.jep.gov.co\/archivos-vivos\/la-jep-justicia-transicional-y-restaurativa\/\",\"name\":\"La JEP justicia transicional y restaurativa\u00a0 - Archivos Vivos de la JEP\",\"isPartOf\":{\"@id\":\"https:\/\/herramientaspedagogicas.jep.gov.co\/archivos-vivos\/#website\"},\"datePublished\":\"2024-09-11T21:08:23+00:00\",\"dateModified\":\"2025-05-23T15:46:12+00:00\",\"breadcrumb\":{\"@id\":\"https:\/\/herramientaspedagogicas.jep.gov.co\/archivos-vivos\/la-jep-justicia-transicional-y-restaurativa\/#breadcrumb\"},\"inLanguage\":\"es\",\"potentialAction\":[{\"@type\":\"ReadAction\",\"target\":[\"https:\/\/herramientaspedagogicas.jep.gov.co\/archivos-vivos\/la-jep-justicia-transicional-y-restaurativa\/\"]}]},{\"@type\":\"BreadcrumbList\",\"@id\":\"https:\/\/herramientaspedagogicas.jep.gov.co\/archivos-vivos\/la-jep-justicia-transicional-y-restaurativa\/#breadcrumb\",\"itemListElement\":[{\"@type\":\"ListItem\",\"position\":1,\"name\":\"Home\",\"item\":\"https:\/\/herramientaspedagogicas.jep.gov.co\/archivos-vivos\/\"},{\"@type\":\"ListItem\",\"position\":2,\"name\":\"La JEP justicia transicional y restaurativa\u00a0\"}]},{\"@type\":\"WebSite\",\"@id\":\"https:\/\/herramientaspedagogicas.jep.gov.co\/archivos-vivos\/#website\",\"url\":\"https:\/\/herramientaspedagogicas.jep.gov.co\/archivos-vivos\/\",\"name\":\"Archivos Vivos de la JEP\",\"description\":\"Una cartograf\u00eda de la justicia transicional\",\"publisher\":{\"@id\":\"https:\/\/herramientaspedagogicas.jep.gov.co\/archivos-vivos\/#organization\"},\"potentialAction\":[{\"@type\":\"SearchAction\",\"target\":{\"@type\":\"EntryPoint\",\"urlTemplate\":\"https:\/\/herramientaspedagogicas.jep.gov.co\/archivos-vivos\/?s={search_term_string}\"},\"query-input\":{\"@type\":\"PropertyValueSpecification\",\"valueRequired\":true,\"valueName\":\"search_term_string\"}}],\"inLanguage\":\"es\"},{\"@type\":\"Organization\",\"@id\":\"https:\/\/herramientaspedagogicas.jep.gov.co\/archivos-vivos\/#organization\",\"name\":\"Archivos Vivos de la JEP\",\"url\":\"https:\/\/herramientaspedagogicas.jep.gov.co\/archivos-vivos\/\",\"logo\":{\"@type\":\"ImageObject\",\"inLanguage\":\"es\",\"@id\":\"https:\/\/herramientaspedagogicas.jep.gov.co\/archivos-vivos\/#\/schema\/logo\/image\/\",\"url\":\"https:\/\/herramientaspedagogicas.jep.gov.co\/archivos-vivos\/wp-content\/uploads\/2024\/10\/logojephorizontal2.webp\",\"contentUrl\":\"https:\/\/herramientaspedagogicas.jep.gov.co\/archivos-vivos\/wp-content\/uploads\/2024\/10\/logojephorizontal2.webp\",\"width\":400,\"height\":54,\"caption\":\"Archivos Vivos de la JEP\"},\"image\":{\"@id\":\"https:\/\/herramientaspedagogicas.jep.gov.co\/archivos-vivos\/#\/schema\/logo\/image\/\"}}]}<\/script>\n<!-- \/ Yoast SEO plugin. -->","yoast_head_json":{"title":"La JEP justicia transicional y restaurativa\u00a0 - Archivos Vivos de la JEP","robots":{"index":"index","follow":"follow","max-snippet":"max-snippet:-1","max-image-preview":"max-image-preview:large","max-video-preview":"max-video-preview:-1"},"canonical":"https:\/\/herramientaspedagogicas.jep.gov.co\/archivos-vivos\/la-jep-justicia-transicional-y-restaurativa\/","og_locale":"es_ES","og_type":"article","og_title":"La JEP justicia transicional y restaurativa\u00a0 - Archivos Vivos de la JEP","og_description":"La Jurisdicci\u00f3n Especial para la Paz (JEP) es un tribunal de justicia transicional producto del Acuerdo Paz entre el Gobierno Nacional y las antiguas FARC-EP. Fue creada para administrar justicia, es decir, investigar, juzgar y sancionar los delitos cometidos en el marco del conflicto armado, especialmente las graves infracciones al Derecho Internacional Humanitario y las [&hellip;]","og_url":"https:\/\/herramientaspedagogicas.jep.gov.co\/archivos-vivos\/la-jep-justicia-transicional-y-restaurativa\/","og_site_name":"Archivos Vivos de la JEP","article_modified_time":"2025-05-23T15:46:12+00:00","twitter_card":"summary_large_image","twitter_misc":{"Est. reading time":"4 minutos"},"schema":{"@context":"https:\/\/schema.org","@graph":[{"@type":"WebPage","@id":"https:\/\/herramientaspedagogicas.jep.gov.co\/archivos-vivos\/la-jep-justicia-transicional-y-restaurativa\/","url":"https:\/\/herramientaspedagogicas.jep.gov.co\/archivos-vivos\/la-jep-justicia-transicional-y-restaurativa\/","name":"La JEP justicia transicional y restaurativa\u00a0 - Archivos Vivos de la JEP","isPartOf":{"@id":"https:\/\/herramientaspedagogicas.jep.gov.co\/archivos-vivos\/#website"},"datePublished":"2024-09-11T21:08:23+00:00","dateModified":"2025-05-23T15:46:12+00:00","breadcrumb":{"@id":"https:\/\/herramientaspedagogicas.jep.gov.co\/archivos-vivos\/la-jep-justicia-transicional-y-restaurativa\/#breadcrumb"},"inLanguage":"es","potentialAction":[{"@type":"ReadAction","target":["https:\/\/herramientaspedagogicas.jep.gov.co\/archivos-vivos\/la-jep-justicia-transicional-y-restaurativa\/"]}]},{"@type":"BreadcrumbList","@id":"https:\/\/herramientaspedagogicas.jep.gov.co\/archivos-vivos\/la-jep-justicia-transicional-y-restaurativa\/#breadcrumb","itemListElement":[{"@type":"ListItem","position":1,"name":"Home","item":"https:\/\/herramientaspedagogicas.jep.gov.co\/archivos-vivos\/"},{"@type":"ListItem","position":2,"name":"La JEP justicia transicional y restaurativa\u00a0"}]},{"@type":"WebSite","@id":"https:\/\/herramientaspedagogicas.jep.gov.co\/archivos-vivos\/#website","url":"https:\/\/herramientaspedagogicas.jep.gov.co\/archivos-vivos\/","name":"Archivos Vivos de la JEP","description":"Una cartograf\u00eda de la justicia transicional","publisher":{"@id":"https:\/\/herramientaspedagogicas.jep.gov.co\/archivos-vivos\/#organization"},"potentialAction":[{"@type":"SearchAction","target":{"@type":"EntryPoint","urlTemplate":"https:\/\/herramientaspedagogicas.jep.gov.co\/archivos-vivos\/?s={search_term_string}"},"query-input":{"@type":"PropertyValueSpecification","valueRequired":true,"valueName":"search_term_string"}}],"inLanguage":"es"},{"@type":"Organization","@id":"https:\/\/herramientaspedagogicas.jep.gov.co\/archivos-vivos\/#organization","name":"Archivos Vivos de la JEP","url":"https:\/\/herramientaspedagogicas.jep.gov.co\/archivos-vivos\/","logo":{"@type":"ImageObject","inLanguage":"es","@id":"https:\/\/herramientaspedagogicas.jep.gov.co\/archivos-vivos\/#\/schema\/logo\/image\/","url":"https:\/\/herramientaspedagogicas.jep.gov.co\/archivos-vivos\/wp-content\/uploads\/2024\/10\/logojephorizontal2.webp","contentUrl":"https:\/\/herramientaspedagogicas.jep.gov.co\/archivos-vivos\/wp-content\/uploads\/2024\/10\/logojephorizontal2.webp","width":400,"height":54,"caption":"Archivos Vivos de la JEP"},"image":{"@id":"https:\/\/herramientaspedagogicas.jep.gov.co\/archivos-vivos\/#\/schema\/logo\/image\/"}}]}},"uagb_featured_image_src":{"full":false,"thumbnail":false,"medium":false,"medium_large":false,"large":false,"1536x1536":false,"2048x2048":false},"uagb_author_info":{"display_name":"SFI","author_link":"https:\/\/herramientaspedagogicas.jep.gov.co\/archivos-vivos\/author\/sfi_admin\/"},"uagb_comment_info":0,"uagb_excerpt":"La Jurisdicci\u00f3n Especial para la Paz (JEP) es un tribunal de justicia transicional producto del Acuerdo Paz entre el Gobierno Nacional y las antiguas FARC-EP. Fue creada para administrar justicia, es decir, investigar, juzgar y sancionar los delitos cometidos en el marco del conflicto armado, especialmente las graves infracciones al Derecho Internacional Humanitario y las&hellip;","_links":{"self":[{"href":"https:\/\/herramientaspedagogicas.jep.gov.co\/archivos-vivos\/wp-json\/wp\/v2\/pages\/151","targetHints":{"allow":["GET"]}}],"collection":[{"href":"https:\/\/herramientaspedagogicas.jep.gov.co\/archivos-vivos\/wp-json\/wp\/v2\/pages"}],"about":[{"href":"https:\/\/herramientaspedagogicas.jep.gov.co\/archivos-vivos\/wp-json\/wp\/v2\/types\/page"}],"author":[{"embeddable":true,"href":"https:\/\/herramientaspedagogicas.jep.gov.co\/archivos-vivos\/wp-json\/wp\/v2\/users\/8"}],"replies":[{"embeddable":true,"href":"https:\/\/herramientaspedagogicas.jep.gov.co\/archivos-vivos\/wp-json\/wp\/v2\/comments?post=151"}],"version-history":[{"count":17,"href":"https:\/\/herramientaspedagogicas.jep.gov.co\/archivos-vivos\/wp-json\/wp\/v2\/pages\/151\/revisions"}],"predecessor-version":[{"id":3348,"href":"https:\/\/herramientaspedagogicas.jep.gov.co\/archivos-vivos\/wp-json\/wp\/v2\/pages\/151\/revisions\/3348"}],"wp:attachment":[{"href":"https:\/\/herramientaspedagogicas.jep.gov.co\/archivos-vivos\/wp-json\/wp\/v2\/media?parent=151"}],"curies":[{"name":"wp","href":"https:\/\/api.w.org\/{rel}","templated":true}]}}